{"id":4080,"date":"2025-01-02T21:59:03","date_gmt":"2025-01-02T21:59:03","guid":{"rendered":"https:\/\/naresh-moves.com\/?post_type=product&#038;p=4080"},"modified":"2025-01-02T22:00:53","modified_gmt":"2025-01-02T22:00:53","slug":"iyengar-yoga-workshop-innsbruck","status":"publish","type":"product","link":"https:\/\/naresh-moves.com\/en\/product\/iyengar-yoga-workshop-innsbruck\/","title":{"rendered":"Iyengar Yoga Workshop Innsbruck"},"content":{"rendered":"<div><strong>11.01.2025<\/strong><\/div>\n<div>\n<div class=\"group\/conversation-turn relative flex w-full min-w-0 flex-col agent-turn\">\n<div class=\"flex-col gap-1 md:gap-3\">\n<div class=\"flex max-w-full flex-col flex-grow\">\n<div class=\"min-h-8 text-message flex w-full flex-col items-end gap-2 whitespace-normal break-words text-start [.text-message+&amp;]:mt-5\" dir=\"auto\" data-message-author-role=\"assistant\" data-message-id=\"09e283e7-24f8-4b28-aabe-e640fb9f6acd\" data-message-model-slug=\"gpt-4o\">\n<div class=\"flex w-full flex-col gap-1 empty:hidden first:pt-[3px]\">\n<div class=\"markdown prose w-full break-words dark:prose-invert dark\">\n<p><em>12-15 Uhr im Latifee<\/em><\/p>\n<p>Zum Jahresende laden wir dich ein, an einem besonderen Workshop teilzunehmen, der dich unterst\u00fctzt, festgefahrene Muster zu l\u00f6sen und dich auf allen Ebenen wieder in Fluss zu bringen.<\/p>\n<p><strong>Unstuck Yourself<\/strong>\u00a0bedeutet, physische Blockaden durch Yoga zu l\u00f6sen, emotionale Spannungen durch Sch\u00fcttel\u00fcbungen abzubauen, gedankliche Enge durch einen Ecstatic Dance zu sprengen und soziale Barrieren durch verbindende Begegnungen aufzul\u00f6sen. In einer sicheren und inspirierenden Atmosph\u00e4re kannst du dich neu entdecken, loslassen und befreit ins neue Jahr starten.<\/p>\n<p>Ein besonderer Teil des Workshops widmet sich einem Jahresabschluss-Ritus. Gemeinsam erarbeiten wir, welche Dinge du loslassen darfst, um frei zu bleiben. Das Loslassen geschieht in Dankbarkeit \u2013 f\u00fcr das, was war, und f\u00fcr das, was kommt.<\/p>\n<p><strong>COME AS YOU ARE \u2013 everything is welcome<\/strong><\/p>\n<\/div>\n<\/div>\n<\/div>\n<\/div>\n<\/div>\n<\/div>\n<\/div>\n","protected":false},"excerpt":{"rendered":"<p>Iyengar Yoga zeichnet sich aus durch statische Yogahaltungen und das verwenden von Hilfsmitteln<\/p>\n<p>Yoga off the mat enth\u00e4lt praktische Anweisungen die Yogaphilosophie von der Yogamatte ins Leben zu rufen.<\/p>","protected":false},"featured_media":4023,"template":"","meta":{"site-sidebar-layout":"default","site-content-layout":"","ast-site-content-layout":"default","site-content-style":"default","site-sidebar-style":"default","ast-global-header-display":"","ast-banner-title-visibility":"","ast-main-header-display":"","ast-hfb-above-header-display":"","ast-hfb-below-header-display":"","ast-hfb-mobile-header-display":"","site-post-title":"","ast-breadcrumbs-content":"","ast-featured-img":"","footer-sml-layout":"","ast-disable-related-posts":"","theme-transparent-header-meta":"default","adv-header-id-meta":"","stick-header-meta":"","header-above-stick-meta":"","header-main-stick-meta":"","header-below-stick-meta":"","astra-migrate-meta-layouts":"set","ast-page-background-enabled":"default","ast-page-background-meta":{"desktop":{"background-color":"var(--ast-global-color-4)","background-image":"","background-repeat":"repeat","background-position":"center center","background-size":"auto","background-attachment":"scroll","background-type":"","background-media":"","overlay-type":"","overlay-color":"","overlay-opacity":"","overlay-gradient":""},"tablet":{"background-color":"","background-image":"","background-repeat":"repeat","background-position":"center center","background-size":"auto","background-attachment":"scroll","background-type":"","background-media":"","overlay-type":"","overlay-color":"","overlay-opacity":"","overlay-gradient":""},"mobile":{"background-color":"","background-image":"","background-repeat":"repeat","background-position":"center center","background-size":"auto","background-attachment":"scroll","background-type":"","background-media":"","overlay-type":"","overlay-color":"","overlay-opacity":"","overlay-gradient":""}},"ast-content-background-meta":{"desktop":{"background-color":"var(--ast-global-color-5)","background-image":"","background-repeat":"repeat","background-position":"center center","background-size":"auto","background-attachment":"scroll","background-type":"","background-media":"","overlay-type":"","overlay-color":"","overlay-opacity":"","overlay-gradient":""},"tablet":{"background-color":"var(--ast-global-color-5)","background-image":"","background-repeat":"repeat","background-position":"center center","background-size":"auto","background-attachment":"scroll","background-type":"","background-media":"","overlay-type":"","overlay-color":"","overlay-opacity":"","overlay-gradient":""},"mobile":{"background-color":"var(--ast-global-color-5)","background-image":"","background-repeat":"repeat","background-position":"center center","background-size":"auto","background-attachment":"scroll","background-type":"","background-media":"","overlay-type":"","overlay-color":"","overlay-opacity":"","overlay-gradient":""}}},"product_brand":[],"product_cat":[21],"product_tag":[],"class_list":{"0":"post-4080","1":"product","2":"type-product","3":"status-publish","4":"has-post-thumbnail","6":"product_cat-unkategorisiert","7":"desktop-align-left","8":"tablet-align-left","9":"mobile-align-left","11":"first","12":"instock","13":"shipping-taxable","14":"purchasable","15":"product-type-variable","16":"has-default-attributes"},"yoast_head":"<!-- This site is optimized with the Yoast SEO plugin v27.5 - https:\/\/yoast.com\/product\/yoast-seo-wordpress\/ -->\n<title>Yoga | 29.12 | Hamburg | Ohana | Shaking | Dancing | Connection<\/title>\n<meta name=\"description\" content=\"29.12.2024 | 2pm-5pm | Yoga in Hamburg | Ticket 25\u20ac | Shaking | Dancing | Yoga | Connection | Workshop | Ohana Ganzheitliches Zentrum | Emotions | Body\" \/>\n<meta name=\"robots\" content=\"index, follow, max-snippet:-1, max-image-preview:large, max-video-preview:-1\" \/>\n<link rel=\"canonical\" href=\"https:\/\/naresh-moves.com\/en\/product\/iyengar-yoga-workshop-innsbruck\/\" \/>\n<meta property=\"og:locale\" content=\"en_GB\" \/>\n<meta property=\"og:type\" content=\"article\" \/>\n<meta property=\"og:title\" content=\"Yoga | 29.12 | Hamburg | Ohana | Shaking | Dancing | Connection\" \/>\n<meta property=\"og:description\" content=\"29.12.2024 | 2pm-5pm | Yoga in Hamburg | Ticket 25\u20ac | Shaking | Dancing | Yoga | Connection | Workshop | Ohana Ganzheitliches Zentrum | Emotions | Body\" \/>\n<meta property=\"og:url\" content=\"https:\/\/naresh-moves.com\/en\/product\/iyengar-yoga-workshop-innsbruck\/\" \/>\n<meta property=\"og:site_name\" content=\"Naresh Moves\" \/>\n<meta property=\"article:publisher\" content=\"https:\/\/www.facebook.com\/nareshmoves\/\" \/>\n<meta property=\"article:modified_time\" content=\"2025-01-02T22:00:53+00:00\" \/>\n<meta property=\"og:image\" content=\"https:\/\/naresh-moves.com\/wp-content\/uploads\/2024\/12\/Nils-Groesse-angepasst-Logo.jpg\" \/>\n\t<meta property=\"og:image:width\" content=\"2000\" \/>\n\t<meta property=\"og:image:height\" content=\"1414\" \/>\n\t<meta property=\"og:image:type\" content=\"image\/jpeg\" \/>\n<meta name=\"twitter:card\" content=\"summary_large_image\" \/>\n<meta name=\"twitter:label1\" content=\"Estimated reading time\" \/>\n\t<meta name=\"twitter:data1\" content=\"1 minute\" \/>\n<script type=\"application\/ld+json\" class=\"yoast-schema-graph\">{\"@context\":\"https:\\\/\\\/schema.org\",\"@graph\":[{\"@type\":\"WebPage\",\"@id\":\"https:\\\/\\\/naresh-moves.com\\\/produkt\\\/iyengar-yoga-workshop-innsbruck\\\/\",\"url\":\"https:\\\/\\\/naresh-moves.com\\\/produkt\\\/iyengar-yoga-workshop-innsbruck\\\/\",\"name\":\"Yoga | 29.12 | Hamburg | Ohana | Shaking | Dancing | Connection\",\"isPartOf\":{\"@id\":\"https:\\\/\\\/naresh-moves.com\\\/#website\"},\"primaryImageOfPage\":{\"@id\":\"https:\\\/\\\/naresh-moves.com\\\/produkt\\\/iyengar-yoga-workshop-innsbruck\\\/#primaryimage\"},\"image\":{\"@id\":\"https:\\\/\\\/naresh-moves.com\\\/produkt\\\/iyengar-yoga-workshop-innsbruck\\\/#primaryimage\"},\"thumbnailUrl\":\"https:\\\/\\\/naresh-moves.com\\\/wp-content\\\/uploads\\\/2024\\\/12\\\/Nils-Groesse-angepasst-Logo.jpg\",\"datePublished\":\"2025-01-02T21:59:03+00:00\",\"dateModified\":\"2025-01-02T22:00:53+00:00\",\"description\":\"29.12.2024 | 2pm-5pm | Yoga in Hamburg | Ticket 25\u20ac | Shaking | Dancing | Yoga | Connection | Workshop | Ohana Ganzheitliches Zentrum | Emotions | Body\",\"breadcrumb\":{\"@id\":\"https:\\\/\\\/naresh-moves.com\\\/produkt\\\/iyengar-yoga-workshop-innsbruck\\\/#breadcrumb\"},\"inLanguage\":\"en-GB\",\"potentialAction\":[{\"@type\":\"ReadAction\",\"target\":[\"https:\\\/\\\/naresh-moves.com\\\/produkt\\\/iyengar-yoga-workshop-innsbruck\\\/\"]}]},{\"@type\":\"ImageObject\",\"inLanguage\":\"en-GB\",\"@id\":\"https:\\\/\\\/naresh-moves.com\\\/produkt\\\/iyengar-yoga-workshop-innsbruck\\\/#primaryimage\",\"url\":\"https:\\\/\\\/naresh-moves.com\\\/wp-content\\\/uploads\\\/2024\\\/12\\\/Nils-Groesse-angepasst-Logo.jpg\",\"contentUrl\":\"https:\\\/\\\/naresh-moves.com\\\/wp-content\\\/uploads\\\/2024\\\/12\\\/Nils-Groesse-angepasst-Logo.jpg\",\"width\":2000,\"height\":1414},{\"@type\":\"BreadcrumbList\",\"@id\":\"https:\\\/\\\/naresh-moves.com\\\/produkt\\\/iyengar-yoga-workshop-innsbruck\\\/#breadcrumb\",\"itemListElement\":[{\"@type\":\"ListItem\",\"position\":1,\"name\":\"Home\",\"item\":\"https:\\\/\\\/naresh-moves.com\\\/\"},{\"@type\":\"ListItem\",\"position\":2,\"name\":\"Produkte\",\"item\":\"https:\\\/\\\/naresh-moves.com\\\/shop\\\/\"},{\"@type\":\"ListItem\",\"position\":3,\"name\":\"Iyengar Yoga Workshop Innsbruck\"}]},{\"@type\":\"WebSite\",\"@id\":\"https:\\\/\\\/naresh-moves.com\\\/#website\",\"url\":\"https:\\\/\\\/naresh-moves.com\\\/\",\"name\":\"Naresh Moves\",\"description\":\"Yoga &amp; Emotionen\",\"publisher\":{\"@id\":\"https:\\\/\\\/naresh-moves.com\\\/#\\\/schema\\\/person\\\/ba66638ae4b3ffc227040d261c0ed1fe\"},\"potentialAction\":[{\"@type\":\"SearchAction\",\"target\":{\"@type\":\"EntryPoint\",\"urlTemplate\":\"https:\\\/\\\/naresh-moves.com\\\/?s={search_term_string}\"},\"query-input\":{\"@type\":\"PropertyValueSpecification\",\"valueRequired\":true,\"valueName\":\"search_term_string\"}}],\"inLanguage\":\"en-GB\"},{\"@type\":[\"Person\",\"Organization\"],\"@id\":\"https:\\\/\\\/naresh-moves.com\\\/#\\\/schema\\\/person\\\/ba66638ae4b3ffc227040d261c0ed1fe\",\"name\":\"Naresh L\u00e4ngst\",\"image\":{\"@type\":\"ImageObject\",\"inLanguage\":\"en-GB\",\"@id\":\"http:\\\/\\\/naresh-moves.com\\\/wp-content\\\/uploads\\\/2023\\\/12\\\/Element-7.png\",\"url\":\"http:\\\/\\\/naresh-moves.com\\\/wp-content\\\/uploads\\\/2023\\\/12\\\/Element-7.png\",\"contentUrl\":\"http:\\\/\\\/naresh-moves.com\\\/wp-content\\\/uploads\\\/2023\\\/12\\\/Element-7.png\",\"width\":543,\"height\":173,\"caption\":\"Naresh L\u00e4ngst\"},\"logo\":{\"@id\":\"http:\\\/\\\/naresh-moves.com\\\/wp-content\\\/uploads\\\/2023\\\/12\\\/Element-7.png\"},\"sameAs\":[\"https:\\\/\\\/www.facebook.com\\\/nareshmoves\\\/\",\"https:\\\/\\\/www.instagram.com\\\/naresh_moves\\\/\",\"https:\\\/\\\/www.youtube.com\\\/@naresh_moves\"]}]}<\/script>\n<!-- \/ Yoast SEO plugin. -->","yoast_head_json":{"title":"Yoga | 29.12 | Hamburg | Ohana | Shaking | Dancing | Connection","description":"29.12.2024 | 2pm-5pm | Yoga in Hamburg | Ticket 25\u20ac | Shaking | Dancing | Yoga | Connection | Workshop | Ohana Ganzheitliches Zentrum | Emotions | Body","robots":{"index":"index","follow":"follow","max-snippet":"max-snippet:-1","max-image-preview":"max-image-preview:large","max-video-preview":"max-video-preview:-1"},"canonical":"https:\/\/naresh-moves.com\/en\/product\/iyengar-yoga-workshop-innsbruck\/","og_locale":"en_GB","og_type":"article","og_title":"Yoga | 29.12 | Hamburg | Ohana | Shaking | Dancing | Connection","og_description":"29.12.2024 | 2pm-5pm | Yoga in Hamburg | Ticket 25\u20ac | Shaking | Dancing | Yoga | Connection | Workshop | Ohana Ganzheitliches Zentrum | Emotions | Body","og_url":"https:\/\/naresh-moves.com\/en\/product\/iyengar-yoga-workshop-innsbruck\/","og_site_name":"Naresh Moves","article_publisher":"https:\/\/www.facebook.com\/nareshmoves\/","article_modified_time":"2025-01-02T22:00:53+00:00","og_image":[{"width":2000,"height":1414,"url":"https:\/\/naresh-moves.com\/wp-content\/uploads\/2024\/12\/Nils-Groesse-angepasst-Logo.jpg","type":"image\/jpeg"}],"twitter_card":"summary_large_image","twitter_misc":{"Estimated reading time":"1 minute"},"schema":{"@context":"https:\/\/schema.org","@graph":[{"@type":"WebPage","@id":"https:\/\/naresh-moves.com\/produkt\/iyengar-yoga-workshop-innsbruck\/","url":"https:\/\/naresh-moves.com\/produkt\/iyengar-yoga-workshop-innsbruck\/","name":"Yoga | 29.12 | Hamburg | Ohana | Shaking | Dancing | Connection","isPartOf":{"@id":"https:\/\/naresh-moves.com\/#website"},"primaryImageOfPage":{"@id":"https:\/\/naresh-moves.com\/produkt\/iyengar-yoga-workshop-innsbruck\/#primaryimage"},"image":{"@id":"https:\/\/naresh-moves.com\/produkt\/iyengar-yoga-workshop-innsbruck\/#primaryimage"},"thumbnailUrl":"https:\/\/naresh-moves.com\/wp-content\/uploads\/2024\/12\/Nils-Groesse-angepasst-Logo.jpg","datePublished":"2025-01-02T21:59:03+00:00","dateModified":"2025-01-02T22:00:53+00:00","description":"29.12.2024 | 2pm-5pm | Yoga in Hamburg | Ticket 25\u20ac | Shaking | Dancing | Yoga | Connection | Workshop | Ohana Ganzheitliches Zentrum | Emotions | Body","breadcrumb":{"@id":"https:\/\/naresh-moves.com\/produkt\/iyengar-yoga-workshop-innsbruck\/#breadcrumb"},"inLanguage":"en-GB","potentialAction":[{"@type":"ReadAction","target":["https:\/\/naresh-moves.com\/produkt\/iyengar-yoga-workshop-innsbruck\/"]}]},{"@type":"ImageObject","inLanguage":"en-GB","@id":"https:\/\/naresh-moves.com\/produkt\/iyengar-yoga-workshop-innsbruck\/#primaryimage","url":"https:\/\/naresh-moves.com\/wp-content\/uploads\/2024\/12\/Nils-Groesse-angepasst-Logo.jpg","contentUrl":"https:\/\/naresh-moves.com\/wp-content\/uploads\/2024\/12\/Nils-Groesse-angepasst-Logo.jpg","width":2000,"height":1414},{"@type":"BreadcrumbList","@id":"https:\/\/naresh-moves.com\/produkt\/iyengar-yoga-workshop-innsbruck\/#breadcrumb","itemListElement":[{"@type":"ListItem","position":1,"name":"Home","item":"https:\/\/naresh-moves.com\/"},{"@type":"ListItem","position":2,"name":"Produkte","item":"https:\/\/naresh-moves.com\/shop\/"},{"@type":"ListItem","position":3,"name":"Iyengar Yoga Workshop Innsbruck"}]},{"@type":"WebSite","@id":"https:\/\/naresh-moves.com\/#website","url":"https:\/\/naresh-moves.com\/","name":"Naresh Moves","description":"Yoga &amp; Emotionen","publisher":{"@id":"https:\/\/naresh-moves.com\/#\/schema\/person\/ba66638ae4b3ffc227040d261c0ed1fe"},"potentialAction":[{"@type":"SearchAction","target":{"@type":"EntryPoint","urlTemplate":"https:\/\/naresh-moves.com\/?s={search_term_string}"},"query-input":{"@type":"PropertyValueSpecification","valueRequired":true,"valueName":"search_term_string"}}],"inLanguage":"en-GB"},{"@type":["Person","Organization"],"@id":"https:\/\/naresh-moves.com\/#\/schema\/person\/ba66638ae4b3ffc227040d261c0ed1fe","name":"Naresh L\u00e4ngst","image":{"@type":"ImageObject","inLanguage":"en-GB","@id":"http:\/\/naresh-moves.com\/wp-content\/uploads\/2023\/12\/Element-7.png","url":"http:\/\/naresh-moves.com\/wp-content\/uploads\/2023\/12\/Element-7.png","contentUrl":"http:\/\/naresh-moves.com\/wp-content\/uploads\/2023\/12\/Element-7.png","width":543,"height":173,"caption":"Naresh L\u00e4ngst"},"logo":{"@id":"http:\/\/naresh-moves.com\/wp-content\/uploads\/2023\/12\/Element-7.png"},"sameAs":["https:\/\/www.facebook.com\/nareshmoves\/","https:\/\/www.instagram.com\/naresh_moves\/","https:\/\/www.youtube.com\/@naresh_moves"]}]}},"_links":{"self":[{"href":"https:\/\/naresh-moves.com\/en\/wp-json\/wp\/v2\/product\/4080","targetHints":{"allow":["GET"]}}],"collection":[{"href":"https:\/\/naresh-moves.com\/en\/wp-json\/wp\/v2\/product"}],"about":[{"href":"https:\/\/naresh-moves.com\/en\/wp-json\/wp\/v2\/types\/product"}],"wp:featuredmedia":[{"embeddable":true,"href":"https:\/\/naresh-moves.com\/en\/wp-json\/wp\/v2\/media\/4023"}],"wp:attachment":[{"href":"https:\/\/naresh-moves.com\/en\/wp-json\/wp\/v2\/media?parent=4080"}],"wp:term":[{"taxonomy":"product_brand","embeddable":true,"href":"https:\/\/naresh-moves.com\/en\/wp-json\/wp\/v2\/product_brand?post=4080"},{"taxonomy":"product_cat","embeddable":true,"href":"https:\/\/naresh-moves.com\/en\/wp-json\/wp\/v2\/product_cat?post=4080"},{"taxonomy":"product_tag","embeddable":true,"href":"https:\/\/naresh-moves.com\/en\/wp-json\/wp\/v2\/product_tag?post=4080"}],"curies":[{"name":"wp","href":"https:\/\/api.w.org\/{rel}","templated":true}]}}