{"id":78,"date":"2023-11-24T09:25:58","date_gmt":"2023-11-24T09:25:58","guid":{"rendered":"http:\/\/naresh-moves.com\/works\/"},"modified":"2026-04-06T20:53:17","modified_gmt":"2026-04-06T19:53:17","slug":"namaste","status":"publish","type":"page","link":"https:\/\/naresh-moves.com\/en\/","title":{"rendered":"Namast\u00e9"},"content":{"rendered":"\t\t<div data-elementor-type=\"wp-page\" data-elementor-id=\"78\" class=\"elementor elementor-78\" data-elementor-post-type=\"page\">\n\t\t\t\t<div class=\"elementor-element elementor-element-266e098 e-con-full e-flex e-con e-parent\" data-id=\"266e098\" data-element_type=\"container\" data-e-type=\"container\" data-settings=\"{&quot;background_background&quot;:&quot;video&quot;,&quot;background_video_link&quot;:&quot;https:\\\/\\\/naresh-moves.com\\\/wp-content\\\/uploads\\\/2025\\\/10\\\/Naresh-Yoga-Hamburg.mp4&quot;,&quot;background_play_on_mobile&quot;:&quot;yes&quot;}\">\n\t\t<div class=\"elementor-background-video-container\">\n\t\t\t\t\t\t\t<video class=\"elementor-background-video-hosted\" role=\"presentation\" autoplay muted playsinline loop><\/video>\n\t\t\t\t\t<\/div><div class=\"elementor-element elementor-element-c3e2e1b e-flex e-con-boxed e-con e-child\" data-id=\"c3e2e1b\" data-element_type=\"container\" data-e-type=\"container\">\n\t\t\t\t\t<div class=\"e-con-inner\">\n\t\t\t\t<div class=\"elementor-element elementor-element-29babed7 elementor-align-start elementor-icon-list--layout-traditional elementor-list-item-link-full_width elementor-widget elementor-widget-icon-list\" data-id=\"29babed7\" data-element_type=\"widget\" data-e-type=\"widget\" data-widget_type=\"icon-list.default\">\n\t\t\t\t\t\t\t<ul class=\"elementor-icon-list-items\">\n\t\t\t\t\t\t\t<li class=\"elementor-icon-list-item\">\n\t\t\t\t\t\t\t\t\t\t\t<a href=\"https:\/\/naresh-moves.com\/en\/mornings-2\/\">\n\n\t\t\t\t\t\t\t\t\t\t\t<span class=\"elementor-icon-list-text\">Morgen routine<\/span>\n\t\t\t\t\t\t\t\t\t\t\t<\/a>\n\t\t\t\t\t\t\t\t\t<\/li>\n\t\t\t\t\t\t\t\t<li class=\"elementor-icon-list-item\">\n\t\t\t\t\t\t\t\t\t\t\t<a href=\"https:\/\/naresh-moves.com\/en\/hamburg\/\">\n\n\t\t\t\t\t\t\t\t\t\t\t<span class=\"elementor-icon-list-text\">HAMBURG<\/span>\n\t\t\t\t\t\t\t\t\t\t\t<\/a>\n\t\t\t\t\t\t\t\t\t<\/li>\n\t\t\t\t\t\t\t\t<li class=\"elementor-icon-list-item\">\n\t\t\t\t\t\t\t\t\t\t\t<a href=\"https:\/\/naresh-moves.com\/en\/retreats\/\">\n\n\t\t\t\t\t\t\t\t\t\t\t<span class=\"elementor-icon-list-text\">Retreats<\/span>\n\t\t\t\t\t\t\t\t\t\t\t<\/a>\n\t\t\t\t\t\t\t\t\t<\/li>\n\t\t\t\t\t\t\t\t<li class=\"elementor-icon-list-item\">\n\t\t\t\t\t\t\t\t\t\t\t<a href=\"https:\/\/naresh-moves.com\/en\/private-yoga-stunden-hamburg\/\">\n\n\t\t\t\t\t\t\t\t\t\t\t<span class=\"elementor-icon-list-text\">1:1 <\/span>\n\t\t\t\t\t\t\t\t\t\t\t<\/a>\n\t\t\t\t\t\t\t\t\t<\/li>\n\t\t\t\t\t\t<\/ul>\n\t\t\t\t\t\t<\/div>\n\t\t\t\t<div class=\"elementor-element elementor-element-66c56338 elementor-widget elementor-widget-heading\" data-id=\"66c56338\" data-element_type=\"widget\" data-e-type=\"widget\" data-settings=\"{&quot;motion_fx_motion_fx_scrolling&quot;:&quot;yes&quot;,&quot;motion_fx_translateY_effect&quot;:&quot;yes&quot;,&quot;motion_fx_translateY_direction&quot;:&quot;negative&quot;,&quot;motion_fx_translateY_affectedRange&quot;:{&quot;unit&quot;:&quot;%&quot;,&quot;size&quot;:&quot;&quot;,&quot;sizes&quot;:{&quot;start&quot;:50,&quot;end&quot;:100}},&quot;motion_fx_devices&quot;:[&quot;desktop&quot;,&quot;tablet&quot;],&quot;motion_fx_translateY_speed&quot;:{&quot;unit&quot;:&quot;px&quot;,&quot;size&quot;:4,&quot;sizes&quot;:[]}}\" data-widget_type=\"heading.default\">\n\t\t\t\t\t<h1 class=\"elementor-heading-title elementor-size-default\">Naresh<\/h1>\t\t\t\t<\/div>\n\t\t\t\t\t<\/div>\n\t\t\t\t<\/div>\n\t\t\t\t<\/div>\n\t\t<div class=\"elementor-element elementor-element-2af650b7 e-con-full e-flex e-con e-parent\" data-id=\"2af650b7\" data-element_type=\"container\" data-e-type=\"container\" id=\"next\" data-settings=\"{&quot;background_background&quot;:&quot;classic&quot;}\">\n\t\t<div class=\"elementor-element elementor-element-7d6286b e-con-full e-flex e-con e-child\" data-id=\"7d6286b\" data-element_type=\"container\" data-e-type=\"container\">\n\t\t\t\t<div class=\"elementor-element elementor-element-5b41b8d elementor-widget elementor-widget-heading\" data-id=\"5b41b8d\" data-element_type=\"widget\" data-e-type=\"widget\" data-settings=\"{&quot;motion_fx_motion_fx_scrolling&quot;:&quot;yes&quot;,&quot;motion_fx_translateY_effect&quot;:&quot;yes&quot;,&quot;motion_fx_translateY_direction&quot;:&quot;negative&quot;,&quot;motion_fx_translateY_affectedRange&quot;:{&quot;unit&quot;:&quot;%&quot;,&quot;size&quot;:&quot;&quot;,&quot;sizes&quot;:{&quot;start&quot;:50,&quot;end&quot;:100}},&quot;motion_fx_devices&quot;:[&quot;desktop&quot;,&quot;tablet&quot;],&quot;motion_fx_translateY_speed&quot;:{&quot;unit&quot;:&quot;px&quot;,&quot;size&quot;:4,&quot;sizes&quot;:[]}}\" data-widget_type=\"heading.default\">\n\t\t\t\t\t<h1 class=\"elementor-heading-title elementor-size-default\">1:1 Session<\/h1>\t\t\t\t<\/div>\n\t\t\t\t<div class=\"elementor-element elementor-element-baf9529 elementor-align-start elementor-icon-list--layout-traditional elementor-list-item-link-full_width elementor-widget elementor-widget-icon-list\" data-id=\"baf9529\" data-element_type=\"widget\" data-e-type=\"widget\" data-widget_type=\"icon-list.default\">\n\t\t\t\t\t\t\t<ul class=\"elementor-icon-list-items\">\n\t\t\t\t\t\t\t<li class=\"elementor-icon-list-item\">\n\t\t\t\t\t\t\t\t\t\t\t<a href=\"https:\/\/naresh-moves.com\/en\/private-yoga-stunden-hamburg\/\">\n\n\t\t\t\t\t\t\t\t\t\t\t<span class=\"elementor-icon-list-text\">Mehr erfahren<\/span>\n\t\t\t\t\t\t\t\t\t\t\t<\/a>\n\t\t\t\t\t\t\t\t\t<\/li>\n\t\t\t\t\t\t<\/ul>\n\t\t\t\t\t\t<\/div>\n\t\t\t\t<\/div>\n\t\t\t\t<\/div>\n\t\t<div class=\"elementor-element elementor-element-5a265c9 e-con-full e-flex e-con e-parent\" data-id=\"5a265c9\" data-element_type=\"container\" data-e-type=\"container\" data-settings=\"{&quot;background_background&quot;:&quot;classic&quot;}\">\n\t\t<div class=\"elementor-element elementor-element-5d6afdd e-con-full e-flex e-con e-child\" data-id=\"5d6afdd\" data-element_type=\"container\" data-e-type=\"container\">\n\t\t\t\t<div class=\"elementor-element elementor-element-497688f elementor-widget elementor-widget-heading\" data-id=\"497688f\" data-element_type=\"widget\" data-e-type=\"widget\" data-settings=\"{&quot;motion_fx_motion_fx_scrolling&quot;:&quot;yes&quot;,&quot;motion_fx_translateY_effect&quot;:&quot;yes&quot;,&quot;motion_fx_translateY_direction&quot;:&quot;negative&quot;,&quot;motion_fx_translateY_affectedRange&quot;:{&quot;unit&quot;:&quot;%&quot;,&quot;size&quot;:&quot;&quot;,&quot;sizes&quot;:{&quot;start&quot;:50,&quot;end&quot;:100}},&quot;motion_fx_devices&quot;:[&quot;desktop&quot;,&quot;tablet&quot;],&quot;motion_fx_translateY_speed&quot;:{&quot;unit&quot;:&quot;px&quot;,&quot;size&quot;:4,&quot;sizes&quot;:[]}}\" data-widget_type=\"heading.default\">\n\t\t\t\t\t<h1 class=\"elementor-heading-title elementor-size-default\">Routine<\/h1>\t\t\t\t<\/div>\n\t\t\t\t<div class=\"elementor-element elementor-element-12c314a elementor-align-start elementor-icon-list--layout-traditional elementor-list-item-link-full_width elementor-widget elementor-widget-icon-list\" data-id=\"12c314a\" data-element_type=\"widget\" data-e-type=\"widget\" data-widget_type=\"icon-list.default\">\n\t\t\t\t\t\t\t<ul class=\"elementor-icon-list-items\">\n\t\t\t\t\t\t\t<li class=\"elementor-icon-list-item\">\n\t\t\t\t\t\t\t\t\t\t\t<a href=\"https:\/\/naresh-moves.com\/en\/mornings-2\/\">\n\n\t\t\t\t\t\t\t\t\t\t\t<span class=\"elementor-icon-list-text\">Mehr erfahren<\/span>\n\t\t\t\t\t\t\t\t\t\t\t<\/a>\n\t\t\t\t\t\t\t\t\t<\/li>\n\t\t\t\t\t\t<\/ul>\n\t\t\t\t\t\t<\/div>\n\t\t\t\t<\/div>\n\t\t\t\t<\/div>\n\t\t<div class=\"elementor-element elementor-element-01110ad e-con-full e-flex e-con e-parent\" data-id=\"01110ad\" data-element_type=\"container\" data-e-type=\"container\" data-settings=\"{&quot;background_background&quot;:&quot;classic&quot;}\">\n\t\t<div class=\"elementor-element elementor-element-c0462fc e-flex e-con-boxed e-con e-child\" data-id=\"c0462fc\" data-element_type=\"container\" data-e-type=\"container\">\n\t\t\t\t\t<div class=\"e-con-inner\">\n\t\t\t\t<div class=\"elementor-element elementor-element-bf160cf elementor-align-start elementor-icon-list--layout-traditional elementor-list-item-link-full_width elementor-widget elementor-widget-icon-list\" data-id=\"bf160cf\" data-element_type=\"widget\" data-e-type=\"widget\" data-widget_type=\"icon-list.default\">\n\t\t\t\t\t\t\t<ul class=\"elementor-icon-list-items\">\n\t\t\t\t\t\t\t<li class=\"elementor-icon-list-item\">\n\t\t\t\t\t\t\t\t\t\t\t<a href=\"https:\/\/naresh-moves.com\/en\/retreats\/\">\n\n\t\t\t\t\t\t\t\t\t\t\t<span class=\"elementor-icon-list-text\">Mehr erfahren <\/span>\n\t\t\t\t\t\t\t\t\t\t\t<\/a>\n\t\t\t\t\t\t\t\t\t<\/li>\n\t\t\t\t\t\t<\/ul>\n\t\t\t\t\t\t<\/div>\n\t\t\t\t<div class=\"elementor-element elementor-element-b993478 elementor-widget elementor-widget-heading\" data-id=\"b993478\" data-element_type=\"widget\" data-e-type=\"widget\" data-settings=\"{&quot;motion_fx_motion_fx_scrolling&quot;:&quot;yes&quot;,&quot;motion_fx_translateY_effect&quot;:&quot;yes&quot;,&quot;motion_fx_translateY_direction&quot;:&quot;negative&quot;,&quot;motion_fx_translateY_affectedRange&quot;:{&quot;unit&quot;:&quot;%&quot;,&quot;size&quot;:&quot;&quot;,&quot;sizes&quot;:{&quot;start&quot;:50,&quot;end&quot;:100}},&quot;motion_fx_devices&quot;:[&quot;desktop&quot;,&quot;tablet&quot;],&quot;motion_fx_translateY_speed&quot;:{&quot;unit&quot;:&quot;px&quot;,&quot;size&quot;:4,&quot;sizes&quot;:[]}}\" data-widget_type=\"heading.default\">\n\t\t\t\t\t<h1 class=\"elementor-heading-title elementor-size-default\"><a href=\"https:\/\/naresh-moves.com\/en\/mittsommer-retreat\/\">Retreats<\/a><\/h1>\t\t\t\t<\/div>\n\t\t\t\t\t<\/div>\n\t\t\t\t<\/div>\n\t\t\t\t<\/div>\n\t\t<div class=\"elementor-element elementor-element-0438108 e-con-full e-flex e-con e-parent\" data-id=\"0438108\" data-element_type=\"container\" data-e-type=\"container\" data-settings=\"{&quot;background_background&quot;:&quot;classic&quot;}\">\n\t\t<div class=\"elementor-element elementor-element-a80feff e-flex e-con-boxed e-con e-child\" data-id=\"a80feff\" data-element_type=\"container\" data-e-type=\"container\">\n\t\t\t\t\t<div class=\"e-con-inner\">\n\t\t\t\t<div class=\"elementor-element elementor-element-ffff38a elementor-align-start elementor-icon-list--layout-traditional elementor-list-item-link-full_width elementor-widget elementor-widget-icon-list\" data-id=\"ffff38a\" data-element_type=\"widget\" data-e-type=\"widget\" data-widget_type=\"icon-list.default\">\n\t\t\t\t\t\t\t<ul class=\"elementor-icon-list-items\">\n\t\t\t\t\t\t\t<li class=\"elementor-icon-list-item\">\n\t\t\t\t\t\t\t\t\t\t\t<a href=\"https:\/\/naresh-moves.com\/en\/naresh\/\">\n\n\t\t\t\t\t\t\t\t\t\t\t<span class=\"elementor-icon-list-text\">Mehr erfahren <\/span>\n\t\t\t\t\t\t\t\t\t\t\t<\/a>\n\t\t\t\t\t\t\t\t\t<\/li>\n\t\t\t\t\t\t<\/ul>\n\t\t\t\t\t\t<\/div>\n\t\t\t\t<div class=\"elementor-element elementor-element-b13b2bc elementor-widget elementor-widget-heading\" data-id=\"b13b2bc\" data-element_type=\"widget\" data-e-type=\"widget\" data-settings=\"{&quot;motion_fx_motion_fx_scrolling&quot;:&quot;yes&quot;,&quot;motion_fx_translateY_effect&quot;:&quot;yes&quot;,&quot;motion_fx_translateY_direction&quot;:&quot;negative&quot;,&quot;motion_fx_translateY_affectedRange&quot;:{&quot;unit&quot;:&quot;%&quot;,&quot;size&quot;:&quot;&quot;,&quot;sizes&quot;:{&quot;start&quot;:50,&quot;end&quot;:100}},&quot;motion_fx_devices&quot;:[&quot;desktop&quot;,&quot;tablet&quot;],&quot;motion_fx_translateY_speed&quot;:{&quot;unit&quot;:&quot;px&quot;,&quot;size&quot;:4,&quot;sizes&quot;:[]}}\" data-widget_type=\"heading.default\">\n\t\t\t\t\t<h1 class=\"elementor-heading-title elementor-size-default\">naresh<\/h1>\t\t\t\t<\/div>\n\t\t\t\t\t<\/div>\n\t\t\t\t<\/div>\n\t\t\t\t<\/div>\n\t\t<div class=\"elementor-element elementor-element-5524087 e-con-full e-flex e-con e-parent\" data-id=\"5524087\" data-element_type=\"container\" data-e-type=\"container\" data-settings=\"{&quot;background_background&quot;:&quot;classic&quot;}\">\n\t\t<div class=\"elementor-element elementor-element-aee5886 e-flex e-con-boxed e-con e-child\" data-id=\"aee5886\" data-element_type=\"container\" data-e-type=\"container\">\n\t\t\t\t\t<div class=\"e-con-inner\">\n\t\t\t\t<div class=\"elementor-element elementor-element-13ea281 elementor-align-start elementor-icon-list--layout-traditional elementor-list-item-link-full_width elementor-widget elementor-widget-icon-list\" data-id=\"13ea281\" data-element_type=\"widget\" data-e-type=\"widget\" data-widget_type=\"icon-list.default\">\n\t\t\t\t\t\t\t<ul class=\"elementor-icon-list-items\">\n\t\t\t\t\t\t\t<li class=\"elementor-icon-list-item\">\n\t\t\t\t\t\t\t\t\t\t\t<a href=\"https:\/\/naresh-moves.com\/en\/emotionen\/\">\n\n\t\t\t\t\t\t\t\t\t\t\t<span class=\"elementor-icon-list-text\">Mehr erfahren <\/span>\n\t\t\t\t\t\t\t\t\t\t\t<\/a>\n\t\t\t\t\t\t\t\t\t<\/li>\n\t\t\t\t\t\t<\/ul>\n\t\t\t\t\t\t<\/div>\n\t\t\t\t<div class=\"elementor-element elementor-element-9128446 elementor-widget elementor-widget-heading\" data-id=\"9128446\" data-element_type=\"widget\" data-e-type=\"widget\" data-settings=\"{&quot;motion_fx_motion_fx_scrolling&quot;:&quot;yes&quot;,&quot;motion_fx_translateY_effect&quot;:&quot;yes&quot;,&quot;motion_fx_translateY_direction&quot;:&quot;negative&quot;,&quot;motion_fx_translateY_affectedRange&quot;:{&quot;unit&quot;:&quot;%&quot;,&quot;size&quot;:&quot;&quot;,&quot;sizes&quot;:{&quot;start&quot;:50,&quot;end&quot;:100}},&quot;motion_fx_devices&quot;:[&quot;desktop&quot;,&quot;tablet&quot;],&quot;motion_fx_translateY_speed&quot;:{&quot;unit&quot;:&quot;px&quot;,&quot;size&quot;:4,&quot;sizes&quot;:[]}}\" data-widget_type=\"heading.default\">\n\t\t\t\t\t<h1 class=\"elementor-heading-title elementor-size-default\">Emotionen<\/h1>\t\t\t\t<\/div>\n\t\t\t\t\t<\/div>\n\t\t\t\t<\/div>\n\t\t\t\t<\/div>\n\t\t\t\t<\/div>\n\t\t","protected":false},"excerpt":{"rendered":"<p>Morgen routine HAMBURG Retreats 1:1 Naresh 1:1 Session Mehr erfahren Routine Mehr erfahren Mehr erfahren Retreats Mehr erfahren naresh Mehr erfahren Emotionen<\/p>","protected":false},"author":1,"featured_media":2217,"parent":0,"menu_order":0,"comment_status":"closed","ping_status":"closed","template":"elementor_header_footer","meta":{"site-sidebar-layout":"default","site-content-layout":"","ast-site-content-layout":"full-width-container","site-content-style":"unboxed","site-sidebar-style":"unboxed","ast-global-header-display":"disabled","ast-banner-title-visibility":"disabled","ast-main-header-display":"","ast-hfb-above-header-display":"","ast-hfb-below-header-display":"","ast-hfb-mobile-header-display":"","site-post-title":"","ast-breadcrumbs-content":"","ast-featured-img":"","footer-sml-layout":"","ast-disable-related-posts":"","theme-transparent-header-meta":"","adv-header-id-meta":"","stick-header-meta":"","header-above-stick-meta":"","header-main-stick-meta":"","header-below-stick-meta":"","astra-migrate-meta-layouts":"","ast-page-background-enabled":"default","ast-page-background-meta":{"desktop":{"background-color":"var(--ast-global-color-4)","background-image":"","background-repeat":"repeat","background-position":"center center","background-size":"auto","background-attachment":"scroll","background-type":"","background-media":"","overlay-type":"","overlay-color":"","overlay-opacity":"","overlay-gradient":""},"tablet":{"background-color":"","background-image":"","background-repeat":"repeat","background-position":"center center","background-size":"auto","background-attachment":"scroll","background-type":"","background-media":"","overlay-type":"","overlay-color":"","overlay-opacity":"","overlay-gradient":""},"mobile":{"background-color":"","background-image":"","background-repeat":"repeat","background-position":"center center","background-size":"auto","background-attachment":"scroll","background-type":"","background-media":"","overlay-type":"","overlay-color":"","overlay-opacity":"","overlay-gradient":""}},"ast-content-background-meta":{"desktop":{"background-color":"var(--ast-global-color-5)","background-image":"","background-repeat":"repeat","background-position":"center center","background-size":"auto","background-attachment":"scroll","background-type":"","background-media":"","overlay-type":"","overlay-color":"","overlay-opacity":"","overlay-gradient":""},"tablet":{"background-color":"var(--ast-global-color-5)","background-image":"","background-repeat":"repeat","background-position":"center center","background-size":"auto","background-attachment":"scroll","background-type":"","background-media":"","overlay-type":"","overlay-color":"","overlay-opacity":"","overlay-gradient":""},"mobile":{"background-color":"var(--ast-global-color-5)","background-image":"","background-repeat":"repeat","background-position":"center center","background-size":"auto","background-attachment":"scroll","background-type":"","background-media":"","overlay-type":"","overlay-color":"","overlay-opacity":"","overlay-gradient":""}},"footnotes":""},"class_list":["post-78","page","type-page","status-publish","has-post-thumbnail","hentry"],"yoast_head":"<!-- This site is optimized with the Yoast SEO plugin v27.3 - https:\/\/yoast.com\/product\/yoast-seo-wordpress\/ -->\n<title>Yoga Retreats &amp; Privatstunden | Naresh Marco L\u00e4ngst<\/title>\n<meta name=\"description\" content=\"Iyengar Yoga Lehrer, Ausbilder &amp; Experte f\u00fcr transformierende Privatstunden in Hamburg. Naresh Marco L\u00e4ngst. Jetzt Kontakt aufnehmen.\" \/>\n<meta name=\"robots\" content=\"index, follow, max-snippet:-1, max-image-preview:large, max-video-preview:-1\" \/>\n<link rel=\"canonical\" href=\"https:\/\/naresh-moves.com\/en\/\" \/>\n<meta property=\"og:locale\" content=\"en_GB\" \/>\n<meta property=\"og:type\" content=\"article\" \/>\n<meta property=\"og:title\" content=\"Yoga Retreats &amp; Privatstunden | Naresh Marco L\u00e4ngst\" \/>\n<meta property=\"og:description\" content=\"Iyengar Yoga Lehrer, Ausbilder &amp; Experte f\u00fcr transformierende Privatstunden in Hamburg. Naresh Marco L\u00e4ngst. Jetzt Kontakt aufnehmen.\" \/>\n<meta property=\"og:url\" content=\"https:\/\/naresh-moves.com\/en\/\" \/>\n<meta property=\"og:site_name\" content=\"Naresh Moves\" \/>\n<meta property=\"article:publisher\" content=\"https:\/\/www.facebook.com\/nareshmoves\/\" \/>\n<meta property=\"article:modified_time\" content=\"2026-04-06T19:53:17+00:00\" \/>\n<meta property=\"og:image\" content=\"https:\/\/naresh-moves.com\/wp-content\/uploads\/2023\/12\/yoga-retreat-mallorca-64-scaled.jpg\" \/>\n\t<meta property=\"og:image:width\" content=\"2560\" \/>\n\t<meta property=\"og:image:height\" content=\"1708\" \/>\n\t<meta property=\"og:image:type\" content=\"image\/jpeg\" \/>\n<meta name=\"twitter:card\" content=\"summary_large_image\" \/>\n<meta name=\"twitter:label1\" content=\"Estimated reading time\" \/>\n\t<meta name=\"twitter:data1\" content=\"1 minute\" \/>\n<script type=\"application\/ld+json\" class=\"yoast-schema-graph\">{\"@context\":\"https:\\\/\\\/schema.org\",\"@graph\":[{\"@type\":\"WebPage\",\"@id\":\"https:\\\/\\\/naresh-moves.com\\\/\",\"url\":\"https:\\\/\\\/naresh-moves.com\\\/\",\"name\":\"Yoga Retreats & Privatstunden | Naresh Marco L\u00e4ngst\",\"isPartOf\":{\"@id\":\"https:\\\/\\\/naresh-moves.com\\\/#website\"},\"primaryImageOfPage\":{\"@id\":\"https:\\\/\\\/naresh-moves.com\\\/#primaryimage\"},\"image\":{\"@id\":\"https:\\\/\\\/naresh-moves.com\\\/#primaryimage\"},\"thumbnailUrl\":\"https:\\\/\\\/naresh-moves.com\\\/wp-content\\\/uploads\\\/2023\\\/12\\\/yoga-retreat-mallorca-64-scaled.jpg\",\"datePublished\":\"2023-11-24T09:25:58+00:00\",\"dateModified\":\"2026-04-06T19:53:17+00:00\",\"description\":\"Iyengar Yoga Lehrer, Ausbilder & Experte f\u00fcr transformierende Privatstunden in Hamburg. Naresh Marco L\u00e4ngst. Jetzt Kontakt aufnehmen.\",\"breadcrumb\":{\"@id\":\"https:\\\/\\\/naresh-moves.com\\\/#breadcrumb\"},\"inLanguage\":\"en-GB\",\"potentialAction\":[{\"@type\":\"ReadAction\",\"target\":[\"https:\\\/\\\/naresh-moves.com\\\/\"]}]},{\"@type\":\"ImageObject\",\"inLanguage\":\"en-GB\",\"@id\":\"https:\\\/\\\/naresh-moves.com\\\/#primaryimage\",\"url\":\"https:\\\/\\\/naresh-moves.com\\\/wp-content\\\/uploads\\\/2023\\\/12\\\/yoga-retreat-mallorca-64-scaled.jpg\",\"contentUrl\":\"https:\\\/\\\/naresh-moves.com\\\/wp-content\\\/uploads\\\/2023\\\/12\\\/yoga-retreat-mallorca-64-scaled.jpg\",\"width\":2560,\"height\":1708,\"caption\":\"naresh marco l\u00e4ngst yoga\"},{\"@type\":\"BreadcrumbList\",\"@id\":\"https:\\\/\\\/naresh-moves.com\\\/#breadcrumb\",\"itemListElement\":[{\"@type\":\"ListItem\",\"position\":1,\"name\":\"Home\",\"item\":\"https:\\\/\\\/naresh-moves.com\\\/\"},{\"@type\":\"ListItem\",\"position\":2,\"name\":\"Namast\u00e9\"}]},{\"@type\":\"WebSite\",\"@id\":\"https:\\\/\\\/naresh-moves.com\\\/#website\",\"url\":\"https:\\\/\\\/naresh-moves.com\\\/\",\"name\":\"Naresh Moves\",\"description\":\"Yoga &amp; Emotionen\",\"publisher\":{\"@id\":\"https:\\\/\\\/naresh-moves.com\\\/#\\\/schema\\\/person\\\/ba66638ae4b3ffc227040d261c0ed1fe\"},\"potentialAction\":[{\"@type\":\"SearchAction\",\"target\":{\"@type\":\"EntryPoint\",\"urlTemplate\":\"https:\\\/\\\/naresh-moves.com\\\/?s={search_term_string}\"},\"query-input\":{\"@type\":\"PropertyValueSpecification\",\"valueRequired\":true,\"valueName\":\"search_term_string\"}}],\"inLanguage\":\"en-GB\"},{\"@type\":[\"Person\",\"Organization\"],\"@id\":\"https:\\\/\\\/naresh-moves.com\\\/#\\\/schema\\\/person\\\/ba66638ae4b3ffc227040d261c0ed1fe\",\"name\":\"Naresh L\u00e4ngst\",\"image\":{\"@type\":\"ImageObject\",\"inLanguage\":\"en-GB\",\"@id\":\"http:\\\/\\\/naresh-moves.com\\\/wp-content\\\/uploads\\\/2023\\\/12\\\/Element-7.png\",\"url\":\"http:\\\/\\\/naresh-moves.com\\\/wp-content\\\/uploads\\\/2023\\\/12\\\/Element-7.png\",\"contentUrl\":\"http:\\\/\\\/naresh-moves.com\\\/wp-content\\\/uploads\\\/2023\\\/12\\\/Element-7.png\",\"width\":543,\"height\":173,\"caption\":\"Naresh L\u00e4ngst\"},\"logo\":{\"@id\":\"http:\\\/\\\/naresh-moves.com\\\/wp-content\\\/uploads\\\/2023\\\/12\\\/Element-7.png\"},\"sameAs\":[\"https:\\\/\\\/www.facebook.com\\\/nareshmoves\\\/\",\"https:\\\/\\\/www.instagram.com\\\/naresh_moves\\\/\",\"https:\\\/\\\/www.youtube.com\\\/@naresh_moves\"]}]}<\/script>\n<!-- \/ Yoast SEO plugin. -->","yoast_head_json":{"title":"Yoga Retreats & Privatstunden | Naresh Marco L\u00e4ngst","description":"Iyengar Yoga Lehrer, Ausbilder & Experte f\u00fcr transformierende Privatstunden in Hamburg. Naresh Marco L\u00e4ngst. Jetzt Kontakt aufnehmen.","robots":{"index":"index","follow":"follow","max-snippet":"max-snippet:-1","max-image-preview":"max-image-preview:large","max-video-preview":"max-video-preview:-1"},"canonical":"https:\/\/naresh-moves.com\/en\/","og_locale":"en_GB","og_type":"article","og_title":"Yoga Retreats & Privatstunden | Naresh Marco L\u00e4ngst","og_description":"Iyengar Yoga Lehrer, Ausbilder & Experte f\u00fcr transformierende Privatstunden in Hamburg. Naresh Marco L\u00e4ngst. Jetzt Kontakt aufnehmen.","og_url":"https:\/\/naresh-moves.com\/en\/","og_site_name":"Naresh Moves","article_publisher":"https:\/\/www.facebook.com\/nareshmoves\/","article_modified_time":"2026-04-06T19:53:17+00:00","og_image":[{"width":2560,"height":1708,"url":"https:\/\/naresh-moves.com\/wp-content\/uploads\/2023\/12\/yoga-retreat-mallorca-64-scaled.jpg","type":"image\/jpeg"}],"twitter_card":"summary_large_image","twitter_misc":{"Estimated reading time":"1 minute"},"schema":{"@context":"https:\/\/schema.org","@graph":[{"@type":"WebPage","@id":"https:\/\/naresh-moves.com\/","url":"https:\/\/naresh-moves.com\/","name":"Yoga Retreats & Privatstunden | Naresh Marco L\u00e4ngst","isPartOf":{"@id":"https:\/\/naresh-moves.com\/#website"},"primaryImageOfPage":{"@id":"https:\/\/naresh-moves.com\/#primaryimage"},"image":{"@id":"https:\/\/naresh-moves.com\/#primaryimage"},"thumbnailUrl":"https:\/\/naresh-moves.com\/wp-content\/uploads\/2023\/12\/yoga-retreat-mallorca-64-scaled.jpg","datePublished":"2023-11-24T09:25:58+00:00","dateModified":"2026-04-06T19:53:17+00:00","description":"Iyengar Yoga Lehrer, Ausbilder & Experte f\u00fcr transformierende Privatstunden in Hamburg. Naresh Marco L\u00e4ngst. Jetzt Kontakt aufnehmen.","breadcrumb":{"@id":"https:\/\/naresh-moves.com\/#breadcrumb"},"inLanguage":"en-GB","potentialAction":[{"@type":"ReadAction","target":["https:\/\/naresh-moves.com\/"]}]},{"@type":"ImageObject","inLanguage":"en-GB","@id":"https:\/\/naresh-moves.com\/#primaryimage","url":"https:\/\/naresh-moves.com\/wp-content\/uploads\/2023\/12\/yoga-retreat-mallorca-64-scaled.jpg","contentUrl":"https:\/\/naresh-moves.com\/wp-content\/uploads\/2023\/12\/yoga-retreat-mallorca-64-scaled.jpg","width":2560,"height":1708,"caption":"naresh marco l\u00e4ngst yoga"},{"@type":"BreadcrumbList","@id":"https:\/\/naresh-moves.com\/#breadcrumb","itemListElement":[{"@type":"ListItem","position":1,"name":"Home","item":"https:\/\/naresh-moves.com\/"},{"@type":"ListItem","position":2,"name":"Namast\u00e9"}]},{"@type":"WebSite","@id":"https:\/\/naresh-moves.com\/#website","url":"https:\/\/naresh-moves.com\/","name":"Naresh Moves","description":"Yoga &amp; Emotionen","publisher":{"@id":"https:\/\/naresh-moves.com\/#\/schema\/person\/ba66638ae4b3ffc227040d261c0ed1fe"},"potentialAction":[{"@type":"SearchAction","target":{"@type":"EntryPoint","urlTemplate":"https:\/\/naresh-moves.com\/?s={search_term_string}"},"query-input":{"@type":"PropertyValueSpecification","valueRequired":true,"valueName":"search_term_string"}}],"inLanguage":"en-GB"},{"@type":["Person","Organization"],"@id":"https:\/\/naresh-moves.com\/#\/schema\/person\/ba66638ae4b3ffc227040d261c0ed1fe","name":"Naresh L\u00e4ngst","image":{"@type":"ImageObject","inLanguage":"en-GB","@id":"http:\/\/naresh-moves.com\/wp-content\/uploads\/2023\/12\/Element-7.png","url":"http:\/\/naresh-moves.com\/wp-content\/uploads\/2023\/12\/Element-7.png","contentUrl":"http:\/\/naresh-moves.com\/wp-content\/uploads\/2023\/12\/Element-7.png","width":543,"height":173,"caption":"Naresh L\u00e4ngst"},"logo":{"@id":"http:\/\/naresh-moves.com\/wp-content\/uploads\/2023\/12\/Element-7.png"},"sameAs":["https:\/\/www.facebook.com\/nareshmoves\/","https:\/\/www.instagram.com\/naresh_moves\/","https:\/\/www.youtube.com\/@naresh_moves"]}]}},"_links":{"self":[{"href":"https:\/\/naresh-moves.com\/en\/wp-json\/wp\/v2\/pages\/78","targetHints":{"allow":["GET"]}}],"collection":[{"href":"https:\/\/naresh-moves.com\/en\/wp-json\/wp\/v2\/pages"}],"about":[{"href":"https:\/\/naresh-moves.com\/en\/wp-json\/wp\/v2\/types\/page"}],"author":[{"embeddable":true,"href":"https:\/\/naresh-moves.com\/en\/wp-json\/wp\/v2\/users\/1"}],"replies":[{"embeddable":true,"href":"https:\/\/naresh-moves.com\/en\/wp-json\/wp\/v2\/comments?post=78"}],"version-history":[{"count":252,"href":"https:\/\/naresh-moves.com\/en\/wp-json\/wp\/v2\/pages\/78\/revisions"}],"predecessor-version":[{"id":5985,"href":"https:\/\/naresh-moves.com\/en\/wp-json\/wp\/v2\/pages\/78\/revisions\/5985"}],"wp:featuredmedia":[{"embeddable":true,"href":"https:\/\/naresh-moves.com\/en\/wp-json\/wp\/v2\/media\/2217"}],"wp:attachment":[{"href":"https:\/\/naresh-moves.com\/en\/wp-json\/wp\/v2\/media?parent=78"}],"curies":[{"name":"wp","href":"https:\/\/api.w.org\/{rel}","templated":true}]}}